{"id":94,"date":"2015-10-10T13:59:59","date_gmt":"2015-10-10T11:59:59","guid":{"rendered":"http:\/\/53645244.swh.strato-hosting.eu\/aguablanca\/?page_id=94"},"modified":"2018-02-02T17:20:16","modified_gmt":"2018-02-02T16:20:16","slug":"weltwaerts-volontaere","status":"publish","type":"page","link":"https:\/\/www.aguablanca-herborn.de\/es\/weltwaerts-volontaere\/","title":{"rendered":"Voluntarios"},"content":{"rendered":"<p>Los voluntarios se presentan&#8230;<\/p>\n<p>Desde el 2009 la fundaci\u00f3n Aguablanca e.V. hace parte de la iniciativa <a href=\"https:\/\/www.weltwaerts.de\/es\/\">weltwaerts<\/a> del ministerio alem\u00e1n para la cooperaci\u00f3n econ\u00f3mica y el desarrollo. El programa es dise\u00f1ado para j\u00f3venes entre 18 y 28 anos y les brinde la oportunidad de prestar un servicio social entre 6 y 24 meses en otro pa\u00eds. A trav\u00e9s de ese programa ha sido posible que bachilleres alemanes se han ido a Cali por 11 meses para trabajar como docentes asistentes en la asignatura ingl\u00e9s y seg\u00fan sus intereses y talentos ofrecer l\u00fadicas de panader\u00eda, deporte o m\u00fasica.<\/p>\n<p><span class=\"TextRun SCX68966203\" xml:lang=\"DE-DE\"><span class=\"NormalTextRun SCX68966203\">En esta p\u00e1gina se presentan los voluntarios anteriores. Todos seguimos en contacto con la fundaci\u00f3n y el colegio.<\/span><\/span><\/p>\n<p>Aqu\u00ed pueden leer m\u00e1s sobre nuestras experiencias individuales y nuestro cargo actual en la fundaci\u00f3n:<\/p>\n<p><a href=\"http:\/\/www.aguablanca-herborn.de\/silke\/\"><img loading=\"lazy\" decoding=\"async\" class=\"alignnone wp-image-494\" src=\"http:\/\/www.aguablanca-herborn.de\/wp-content\/uploads\/2015\/10\/silke2-150x150.jpg\" alt=\"\" width=\"200\" height=\"200\" srcset=\"https:\/\/www.aguablanca-herborn.de\/wp-content\/uploads\/2015\/10\/silke2-150x150.jpg 150w, https:\/\/www.aguablanca-herborn.de\/wp-content\/uploads\/2015\/10\/silke2-300x300.jpg 300w, https:\/\/www.aguablanca-herborn.de\/wp-content\/uploads\/2015\/10\/silke2-200x200.jpg 200w, https:\/\/www.aguablanca-herborn.de\/wp-content\/uploads\/2015\/10\/silke2.jpg 997w\" sizes=\"auto, (max-width: 200px) 100vw, 200px\" \/><\/a><a href=\"http:\/\/www.aguablanca-herborn.de\/nicolas\/\"><img loading=\"lazy\" decoding=\"async\" class=\"alignnone wp-image-495\" src=\"http:\/\/www.aguablanca-herborn.de\/wp-content\/uploads\/2015\/10\/nicolas1-150x150.jpg\" alt=\"\" width=\"200\" height=\"200\" srcset=\"https:\/\/www.aguablanca-herborn.de\/wp-content\/uploads\/2015\/10\/nicolas1-150x150.jpg 150w, https:\/\/www.aguablanca-herborn.de\/wp-content\/uploads\/2015\/10\/nicolas1-300x300.jpg 300w, https:\/\/www.aguablanca-herborn.de\/wp-content\/uploads\/2015\/10\/nicolas1-200x200.jpg 200w, https:\/\/www.aguablanca-herborn.de\/wp-content\/uploads\/2015\/10\/nicolas1.jpg 997w\" sizes=\"auto, (max-width: 200px) 100vw, 200px\" \/><\/a><a href=\"http:\/\/www.aguablanca-herborn.de\/anne\/\"><img loading=\"lazy\" decoding=\"async\" class=\"alignnone wp-image-501\" src=\"http:\/\/www.aguablanca-herborn.de\/wp-content\/uploads\/2015\/10\/anne1-150x150.jpg\" alt=\"anne\" width=\"200\" height=\"200\" srcset=\"https:\/\/www.aguablanca-herborn.de\/wp-content\/uploads\/2015\/10\/anne1-150x150.jpg 150w, https:\/\/www.aguablanca-herborn.de\/wp-content\/uploads\/2015\/10\/anne1-300x300.jpg 300w, https:\/\/www.aguablanca-herborn.de\/wp-content\/uploads\/2015\/10\/anne1-200x200.jpg 200w, https:\/\/www.aguablanca-herborn.de\/wp-content\/uploads\/2015\/10\/anne1.jpg 997w\" sizes=\"auto, (max-width: 200px) 100vw, 200px\" \/><\/a><\/p>\n<p><a href=\"http:\/\/www.aguablanca-herborn.de\/adrian\/\"><img loading=\"lazy\" decoding=\"async\" class=\"alignnone wp-image-510\" src=\"http:\/\/www.aguablanca-herborn.de\/wp-content\/uploads\/2015\/10\/adrian-150x150.jpg\" alt=\"adrian\" width=\"200\" height=\"200\" srcset=\"https:\/\/www.aguablanca-herborn.de\/wp-content\/uploads\/2015\/10\/adrian-150x150.jpg 150w, https:\/\/www.aguablanca-herborn.de\/wp-content\/uploads\/2015\/10\/adrian-300x300.jpg 300w, https:\/\/www.aguablanca-herborn.de\/wp-content\/uploads\/2015\/10\/adrian-200x200.jpg 200w, https:\/\/www.aguablanca-herborn.de\/wp-content\/uploads\/2015\/10\/adrian.jpg 997w\" sizes=\"auto, (max-width: 200px) 100vw, 200px\" \/><\/a><a href=\"http:\/\/www.aguablanca-herborn.de\/klara\/\" rel=\"attachment wp-att-526\"><img loading=\"lazy\" decoding=\"async\" class=\"alignnone wp-image-526\" src=\"http:\/\/www.aguablanca-herborn.de\/wp-content\/uploads\/2015\/10\/klarita-150x150.jpg\" alt=\"klarita\" width=\"200\" height=\"200\" srcset=\"https:\/\/www.aguablanca-herborn.de\/wp-content\/uploads\/2015\/10\/klarita-150x150.jpg 150w, https:\/\/www.aguablanca-herborn.de\/wp-content\/uploads\/2015\/10\/klarita-300x300.jpg 300w, https:\/\/www.aguablanca-herborn.de\/wp-content\/uploads\/2015\/10\/klarita-768x768.jpg 768w, https:\/\/www.aguablanca-herborn.de\/wp-content\/uploads\/2015\/10\/klarita-200x200.jpg 200w, https:\/\/www.aguablanca-herborn.de\/wp-content\/uploads\/2015\/10\/klarita.jpg 997w\" sizes=\"auto, (max-width: 200px) 100vw, 200px\" \/><\/a><a href=\"http:\/\/www.aguablanca-herborn.de\/zita\/\" rel=\"attachment wp-att-537\"><img loading=\"lazy\" decoding=\"async\" class=\"alignnone wp-image-537\" src=\"http:\/\/www.aguablanca-herborn.de\/wp-content\/uploads\/2015\/10\/zita-1-150x150.jpg\" alt=\"zita\" width=\"200\" height=\"200\" srcset=\"https:\/\/www.aguablanca-herborn.de\/wp-content\/uploads\/2015\/10\/zita-1-150x150.jpg 150w, https:\/\/www.aguablanca-herborn.de\/wp-content\/uploads\/2015\/10\/zita-1-300x300.jpg 300w, https:\/\/www.aguablanca-herborn.de\/wp-content\/uploads\/2015\/10\/zita-1-768x768.jpg 768w, https:\/\/www.aguablanca-herborn.de\/wp-content\/uploads\/2015\/10\/zita-1-200x200.jpg 200w, https:\/\/www.aguablanca-herborn.de\/wp-content\/uploads\/2015\/10\/zita-1.jpg 997w\" sizes=\"auto, (max-width: 200px) 100vw, 200px\" \/><\/a><\/p>\n<p><a href=\"http:\/\/www.aguablanca-herborn.de\/annika\/\" rel=\"attachment wp-att-592\"><img loading=\"lazy\" decoding=\"async\" class=\"alignnone wp-image-592\" src=\"http:\/\/www.aguablanca-herborn.de\/wp-content\/uploads\/2015\/10\/aiki-150x150.jpg\" alt=\"aiki\" width=\"200\" height=\"200\" srcset=\"https:\/\/www.aguablanca-herborn.de\/wp-content\/uploads\/2015\/10\/aiki-150x150.jpg 150w, https:\/\/www.aguablanca-herborn.de\/wp-content\/uploads\/2015\/10\/aiki-300x300.jpg 300w, https:\/\/www.aguablanca-herborn.de\/wp-content\/uploads\/2015\/10\/aiki-768x768.jpg 768w, https:\/\/www.aguablanca-herborn.de\/wp-content\/uploads\/2015\/10\/aiki-200x200.jpg 200w, https:\/\/www.aguablanca-herborn.de\/wp-content\/uploads\/2015\/10\/aiki.jpg 997w\" sizes=\"auto, (max-width: 200px) 100vw, 200px\" \/><\/a><a href=\"http:\/\/www.aguablanca-herborn.de\/rabea\/\" rel=\"attachment wp-att-607\"><img loading=\"lazy\" decoding=\"async\" class=\"alignnone wp-image-607\" src=\"http:\/\/www.aguablanca-herborn.de\/wp-content\/uploads\/2015\/10\/rabea-1-150x150.jpg\" alt=\"rabea\" width=\"200\" height=\"200\" srcset=\"https:\/\/www.aguablanca-herborn.de\/wp-content\/uploads\/2015\/10\/rabea-1-150x150.jpg 150w, https:\/\/www.aguablanca-herborn.de\/wp-content\/uploads\/2015\/10\/rabea-1-300x300.jpg 300w, https:\/\/www.aguablanca-herborn.de\/wp-content\/uploads\/2015\/10\/rabea-1-768x769.jpg 768w, https:\/\/www.aguablanca-herborn.de\/wp-content\/uploads\/2015\/10\/rabea-1-200x200.jpg 200w, https:\/\/www.aguablanca-herborn.de\/wp-content\/uploads\/2015\/10\/rabea-1.jpg 997w\" sizes=\"auto, (max-width: 200px) 100vw, 200px\" \/><\/a><a href=\"http:\/\/www.aguablanca-herborn.de\/kim\/\"><img loading=\"lazy\" decoding=\"async\" class=\"alignnone wp-image-866\" src=\"http:\/\/www.aguablanca-herborn.de\/wp-content\/uploads\/2015\/10\/kim-300x300.jpg\" alt=\"kim\" width=\"200\" height=\"200\" srcset=\"https:\/\/www.aguablanca-herborn.de\/wp-content\/uploads\/2015\/10\/kim-300x300.jpg 300w, https:\/\/www.aguablanca-herborn.de\/wp-content\/uploads\/2015\/10\/kim-150x150.jpg 150w, https:\/\/www.aguablanca-herborn.de\/wp-content\/uploads\/2015\/10\/kim-768x768.jpg 768w, https:\/\/www.aguablanca-herborn.de\/wp-content\/uploads\/2015\/10\/kim-1024x1024.jpg 1024w, https:\/\/www.aguablanca-herborn.de\/wp-content\/uploads\/2015\/10\/kim-200x200.jpg 200w, https:\/\/www.aguablanca-herborn.de\/wp-content\/uploads\/2015\/10\/kim.jpg 1080w\" sizes=\"auto, (max-width: 200px) 100vw, 200px\" \/><\/a><\/p>","protected":false},"excerpt":{"rendered":"<p>Los voluntarios se presentan&#8230; Desde el 2009 la fundaci\u00f3n Aguablanca e.V. hace parte de la iniciativa weltwaerts del ministerio alem\u00e1n para la cooperaci\u00f3n econ\u00f3mica y el desarrollo. El programa es dise\u00f1ado para j\u00f3venes entre 18 y 28 anos y les brinde la oportunidad de prestar un servicio social entre 6 y 24 meses en otro [&hellip;]<\/p>\n","protected":false},"author":2,"featured_media":0,"parent":0,"menu_order":0,"comment_status":"closed","ping_status":"closed","template":"","meta":{"footnotes":""},"class_list":["post-94","page","type-page","status-publish","hentry"],"_links":{"self":[{"href":"https:\/\/www.aguablanca-herborn.de\/es\/wp-json\/wp\/v2\/pages\/94","targetHints":{"allow":["GET"]}}],"collection":[{"href":"https:\/\/www.aguablanca-herborn.de\/es\/wp-json\/wp\/v2\/pages"}],"about":[{"href":"https:\/\/www.aguablanca-herborn.de\/es\/wp-json\/wp\/v2\/types\/page"}],"author":[{"embeddable":true,"href":"https:\/\/www.aguablanca-herborn.de\/es\/wp-json\/wp\/v2\/users\/2"}],"replies":[{"embeddable":true,"href":"https:\/\/www.aguablanca-herborn.de\/es\/wp-json\/wp\/v2\/comments?post=94"}],"version-history":[{"count":21,"href":"https:\/\/www.aguablanca-herborn.de\/es\/wp-json\/wp\/v2\/pages\/94\/revisions"}],"predecessor-version":[{"id":1048,"href":"https:\/\/www.aguablanca-herborn.de\/es\/wp-json\/wp\/v2\/pages\/94\/revisions\/1048"}],"wp:attachment":[{"href":"https:\/\/www.aguablanca-herborn.de\/es\/wp-json\/wp\/v2\/media?parent=94"}],"curies":[{"name":"wp","href":"https:\/\/api.w.org\/{rel}","templated":true}]}}