{"id":869,"date":"2016-07-15T04:24:01","date_gmt":"2016-07-15T02:24:01","guid":{"rendered":"http:\/\/www.aguablanca-herborn.de\/?page_id=869"},"modified":"2016-07-15T04:26:40","modified_gmt":"2016-07-15T02:26:40","slug":"kim","status":"publish","type":"page","link":"https:\/\/www.aguablanca-herborn.de\/es\/kim\/","title":{"rendered":"Kim"},"content":{"rendered":"<table>\n<tbody>\n<tr>\n<td width=\"376\"><strong><span style=\"color: #008080;\">Zeitraum des Freiwilligendienstes<\/span><\/strong><\/td>\n<td width=\"376\"><em>August 2013 bis Juni 2014<\/em><\/td>\n<\/tr>\n<tr>\n<td width=\"376\"><span style=\"color: #008080;\"><strong>Wie ich zum Verein kam\u2026<\/strong><\/span><\/td>\n<td width=\"376\"><em>Als Sch\u00fclerin des Johanneum Gymnasiums, habe ich den Verein Aguablanca kennengelernt. Mit der Intention ein FSJ zu machen sprach ich Herrn Grosch an. Dieser wies auf die M\u00f6glichkeit den Freiwillgendienst an der Schule La Providencia zu absolvieren. Die Schwerpunkte der Schule -Englisch und Musik- und auch die Tatsache Spanisch als WPU belegt zu haben machten mir die Entscheidung sehr einfach.<\/em><\/p>\n<p>&nbsp;<\/td>\n<\/tr>\n<tr>\n<td width=\"376\"><span style=\"color: #008080;\"><strong>Was ich in der Schule gemacht habe\u2026<\/strong><\/span><\/td>\n<td width=\"376\"><em>Genau diese F\u00e4cher durfte ich an der Schule mitgestalten. Ich half im Englischunterricht der j\u00fcngeren Kinder und anfangs auch bei den L\u00fadicas der \u00c4lteren. Mit Beginn des neuen Schuljahres brachte ich einigen Sch\u00fclern Klavier bei. Obwohl sich mehrere Sch\u00fcler ein Klavier teilten war die Begeisterung gro\u00df und der Lernerfolg nicht zu klein. Adrian und ich unterst\u00fctzten Herrn Zibelius dabei, den Kindern eine gesunde Ern\u00e4hrungs &#8211; und Lebensweise n\u00e4her zu bringen.<\/em><\/p>\n<p>&nbsp;<\/td>\n<\/tr>\n<tr>\n<td width=\"376\"><span style=\"color: #008080;\"><strong>Was ich aus der Zeit mitnehme\u2026<\/strong><\/span><\/td>\n<td width=\"376\"><em>Was mich am meisten bewegt ist, dass die Kinder trotz geringen Habseligkeiten so viel Freude und Dankbarkeit f\u00fcr all die kleinen Dinge zum Ausdruck bringen. Nicht nur in der Schule, sondern alle Kolumbianer die ich kennen lernen durfte, waren unglaublich herzlich und aufgeschlossen. Ich hoffe, dass auch ich diese Einstellung in Deutschland weiterleben und -geben kann.\u00a0<\/em><\/p>\n<p>&nbsp;<\/td>\n<\/tr>\n<tr>\n<td width=\"376\"><span style=\"color: #008080;\"><strong>Was ich jetzt im Verein mache\u2026<\/strong><\/span><\/td>\n<td width=\"376\"><em>\u00a0Bei den Freiwilligentreffen bin ich dabei und versuche kreativ mitzuwirken. Ich helfe bei Verk\u00e4ufen oder sonstigen Veranstaltungen gerne mit und bin f\u00fcr Fragen der neuen Freiwilligen offen.<\/em><\/p>\n<p>&nbsp;<\/td>\n<\/tr>\n<tr>\n<td width=\"376\"><strong><span style=\"color: #008080;\">Kontakt<\/span><\/strong><\/td>\n<td width=\"376\"><a href=\"mailto:kim(at)aguablanca-herborn.de\"><em>kim(at)aguablanca-herborn.de<\/em><\/a><\/td>\n<\/tr>\n<\/tbody>\n<\/table>\n","protected":false},"excerpt":{"rendered":"<p>Zeitraum des Freiwilligendienstes August 2013 bis Juni 2014 Wie ich zum Verein kam\u2026 Als Sch\u00fclerin des Johanneum Gymnasiums, habe ich den Verein Aguablanca kennengelernt. Mit der Intention ein FSJ zu machen sprach ich Herrn Grosch an. Dieser wies auf die M\u00f6glichkeit den Freiwillgendienst an der Schule La Providencia zu absolvieren. Die Schwerpunkte der Schule -Englisch [&hellip;]<\/p>\n","protected":false},"author":2,"featured_media":0,"parent":0,"menu_order":0,"comment_status":"closed","ping_status":"closed","template":"","meta":{"footnotes":""},"class_list":["post-869","page","type-page","status-publish","hentry"],"_links":{"self":[{"href":"https:\/\/www.aguablanca-herborn.de\/es\/wp-json\/wp\/v2\/pages\/869","targetHints":{"allow":["GET"]}}],"collection":[{"href":"https:\/\/www.aguablanca-herborn.de\/es\/wp-json\/wp\/v2\/pages"}],"about":[{"href":"https:\/\/www.aguablanca-herborn.de\/es\/wp-json\/wp\/v2\/types\/page"}],"author":[{"embeddable":true,"href":"https:\/\/www.aguablanca-herborn.de\/es\/wp-json\/wp\/v2\/users\/2"}],"replies":[{"embeddable":true,"href":"https:\/\/www.aguablanca-herborn.de\/es\/wp-json\/wp\/v2\/comments?post=869"}],"version-history":[{"count":2,"href":"https:\/\/www.aguablanca-herborn.de\/es\/wp-json\/wp\/v2\/pages\/869\/revisions"}],"predecessor-version":[{"id":872,"href":"https:\/\/www.aguablanca-herborn.de\/es\/wp-json\/wp\/v2\/pages\/869\/revisions\/872"}],"wp:attachment":[{"href":"https:\/\/www.aguablanca-herborn.de\/es\/wp-json\/wp\/v2\/media?parent=869"}],"curies":[{"name":"wp","href":"https:\/\/api.w.org\/{rel}","templated":true}]}}