{"id":65,"date":"2015-10-10T13:50:45","date_gmt":"2015-10-10T11:50:45","guid":{"rendered":"http:\/\/53645244.swh.strato-hosting.eu\/aguablanca\/?page_id=65"},"modified":"2019-01-10T23:13:33","modified_gmt":"2019-01-10T22:13:33","slug":"freiwilligendienst","status":"publish","type":"page","link":"https:\/\/www.aguablanca-herborn.de\/es\/freiwilligendienst\/","title":{"rendered":"Servicio Social"},"content":{"rendered":"<p>Si te interesa nuestro proyecto y despu\u00e9s del bachillerato te gustar\u00eda integrarte con un servicio social en el colegio en Cali, escr\u00edbenos!<\/p>\n<p>Aqu\u00ed te comparten sus experiencias algunos de los voluntarios que trabajaron en \u00abLa Providencia\u00bb<\/p>\n<p>&nbsp;<\/p>\n<p><a href=\"http:\/\/www.aguablanca-herborn.de\/es\/weltwaerts-volontaere\/\">Volont\u00e4re<\/a><\/p>\n<p><a href=\"https:\/\/blogs.strassenkinder.de\/aguablanca\/\" target=\"_blank\" rel=\"noopener\">https:\/\/blogs.strassenkinder.de\/aguablanca\/<\/a><\/p>\n<p><a href=\"http:\/\/www.mittelhessen.de\/lokales\/region-dillenburg_artikel,-Helfen-und-dabei-fuers-Leben-lernen-_arid,407523.html\" target=\"_blank\" rel=\"noopener\">Helfen und dabei f\u00fcrs Leben lernen<\/a><\/p>\n<p><a href=\"http:\/\/www.tagesspiegel.de\/wirtschaft\/zeit-zur-orientierung-was-ein-perspektivenwechsel-bringt\/6931872.html\" target=\"_blank\" rel=\"noopener\">Zeit zur Orientierung &#8211; Bevor der Ernst des Lebens beginnt<\/a><\/p>\n<p><a href=\"http:\/\/www.gn-online.de\/Nachrichten\/Kolumbien-und-die-Kunst-der-Improvisation-39086.html\" target=\"_blank\" rel=\"noopener\">Kolumbien und die Kunst der Improvisation<\/a><\/p>\n<p>&nbsp;<\/p>\n<p>&nbsp;<\/p>","protected":false},"excerpt":{"rendered":"<p>Si te interesa nuestro proyecto y despu\u00e9s del bachillerato te gustar\u00eda integrarte con un servicio social en el colegio en Cali, escr\u00edbenos! Aqu\u00ed te comparten sus experiencias algunos de los voluntarios que trabajaron en \u00abLa Providencia\u00bb &nbsp; Volont\u00e4re https:\/\/blogs.strassenkinder.de\/aguablanca\/ Helfen und dabei f\u00fcrs Leben lernen Zeit zur Orientierung &#8211; Bevor der Ernst des Lebens beginnt [&hellip;]<\/p>\n","protected":false},"author":2,"featured_media":0,"parent":0,"menu_order":0,"comment_status":"closed","ping_status":"closed","template":"","meta":{"footnotes":""},"class_list":["post-65","page","type-page","status-publish","hentry"],"_links":{"self":[{"href":"https:\/\/www.aguablanca-herborn.de\/es\/wp-json\/wp\/v2\/pages\/65","targetHints":{"allow":["GET"]}}],"collection":[{"href":"https:\/\/www.aguablanca-herborn.de\/es\/wp-json\/wp\/v2\/pages"}],"about":[{"href":"https:\/\/www.aguablanca-herborn.de\/es\/wp-json\/wp\/v2\/types\/page"}],"author":[{"embeddable":true,"href":"https:\/\/www.aguablanca-herborn.de\/es\/wp-json\/wp\/v2\/users\/2"}],"replies":[{"embeddable":true,"href":"https:\/\/www.aguablanca-herborn.de\/es\/wp-json\/wp\/v2\/comments?post=65"}],"version-history":[{"count":7,"href":"https:\/\/www.aguablanca-herborn.de\/es\/wp-json\/wp\/v2\/pages\/65\/revisions"}],"predecessor-version":[{"id":1110,"href":"https:\/\/www.aguablanca-herborn.de\/es\/wp-json\/wp\/v2\/pages\/65\/revisions\/1110"}],"wp:attachment":[{"href":"https:\/\/www.aguablanca-herborn.de\/es\/wp-json\/wp\/v2\/media?parent=65"}],"curies":[{"name":"wp","href":"https:\/\/api.w.org\/{rel}","templated":true}]}}