{"id":63,"date":"2015-10-10T13:50:28","date_gmt":"2015-10-10T11:50:28","guid":{"rendered":"http:\/\/53645244.swh.strato-hosting.eu\/aguablanca\/?page_id=63"},"modified":"2017-06-05T13:17:46","modified_gmt":"2017-06-05T11:17:46","slug":"spendenkonto","status":"publish","type":"page","link":"https:\/\/www.aguablanca-herborn.de\/es\/spendenkonto\/","title":{"rendered":"Spendenkonto"},"content":{"rendered":"<p>Sie m\u00f6chten das Projekt finanziell unterst\u00fctzen?<\/p>\n<p>Jeder Beitrag ist eine gro\u00dfe Hilfe f\u00fcr unser Projekt. Selbstverst\u00e4ndlich lassen wir Ihnen gerne eine Zuwendungsbescheinigung zukommen.<\/p>\n<p>Ihre Spenden k\u00f6nnen Sie richten an die folgende Bankverbindung:<b><br \/>\n<\/b><\/p>\n<p>&nbsp;<\/p>\n<p>Aguablanca e.V.<\/p>\n<p>IBAN DE19 5165 0045 0000 0645 35<br \/>\nBIC HELADEF1DIL<\/p>\n<p>oder<\/p>\n<p>Kontonummer 6 45 35<br \/>\nBezirkssparkasse Dillenburg<br \/>\nBLZ 516 500 45<\/p>\n<p>&nbsp;<\/p>","protected":false},"excerpt":{"rendered":"<p>Sie m\u00f6chten das Projekt finanziell unterst\u00fctzen? Jeder Beitrag ist eine gro\u00dfe Hilfe f\u00fcr unser Projekt. Selbstverst\u00e4ndlich lassen wir Ihnen gerne eine Zuwendungsbescheinigung zukommen. Ihre Spenden k\u00f6nnen Sie richten an die folgende Bankverbindung: &nbsp; Aguablanca e.V. IBAN DE19 5165 0045 0000 0645 35 BIC HELADEF1DIL oder Kontonummer 6 45 35 Bezirkssparkasse Dillenburg BLZ 516 500 45 [&hellip;]<\/p>\n","protected":false},"author":2,"featured_media":0,"parent":0,"menu_order":0,"comment_status":"closed","ping_status":"closed","template":"","meta":{"footnotes":""},"class_list":["post-63","page","type-page","status-publish","hentry"],"_links":{"self":[{"href":"https:\/\/www.aguablanca-herborn.de\/es\/wp-json\/wp\/v2\/pages\/63","targetHints":{"allow":["GET"]}}],"collection":[{"href":"https:\/\/www.aguablanca-herborn.de\/es\/wp-json\/wp\/v2\/pages"}],"about":[{"href":"https:\/\/www.aguablanca-herborn.de\/es\/wp-json\/wp\/v2\/types\/page"}],"author":[{"embeddable":true,"href":"https:\/\/www.aguablanca-herborn.de\/es\/wp-json\/wp\/v2\/users\/2"}],"replies":[{"embeddable":true,"href":"https:\/\/www.aguablanca-herborn.de\/es\/wp-json\/wp\/v2\/comments?post=63"}],"version-history":[{"count":5,"href":"https:\/\/www.aguablanca-herborn.de\/es\/wp-json\/wp\/v2\/pages\/63\/revisions"}],"predecessor-version":[{"id":961,"href":"https:\/\/www.aguablanca-herborn.de\/es\/wp-json\/wp\/v2\/pages\/63\/revisions\/961"}],"wp:attachment":[{"href":"https:\/\/www.aguablanca-herborn.de\/es\/wp-json\/wp\/v2\/media?parent=63"}],"curies":[{"name":"wp","href":"https:\/\/api.w.org\/{rel}","templated":true}]}}