{"id":61,"date":"2015-10-10T13:50:15","date_gmt":"2015-10-10T11:50:15","guid":{"rendered":"http:\/\/53645244.swh.strato-hosting.eu\/aguablanca\/?page_id=61"},"modified":"2015-12-04T23:55:54","modified_gmt":"2015-12-04T22:55:54","slug":"helfer-gesucht","status":"publish","type":"page","link":"https:\/\/www.aguablanca-herborn.de\/es\/helfer-gesucht\/","title":{"rendered":"Helfer gesucht!"},"content":{"rendered":"<p>\u00dcber das Jahr verteilt sind wir bei zahlreichen Aktionen in Herborn und der n\u00e4heren Umgebung vertreten. Viele haben unseren Stand auf dem Weihnachts- oder Martinimarkt entdeckt oder sind gar treue Kunden geworden.<\/p>\n<p>Doch hinter dieser Pr\u00e4senz stehen immer viele flei\u00dfige Helfer, die uns vor und hinter den Kulissen unterst\u00fctzen.<\/p>\n<p>M\u00f6chten auch Sie zu diesem Helferkreis geh\u00f6ren, sei es einmalig oder langfristig, melden Sie sich bitte bei<\/p>\n<p><a href=\"mailto: jana(at)aguablanca-herborn.de\">Jana Stupperich<\/a>.<\/p>\n<p>&nbsp;<\/p>\n<p>&nbsp;<\/p>\n<p><a href=\"http:\/\/53645244.swh.strato-hosting.eu\/aguablanca\/wp-content\/uploads\/2015\/10\/IMG_0380.jpg\" data-rel=\"lightbox-image-0\" data-rl_title=\"\" data-rl_caption=\"\" title=\"\"><img loading=\"lazy\" decoding=\"async\" class=\"alignnone size-medium wp-image-302\" src=\"http:\/\/53645244.swh.strato-hosting.eu\/aguablanca\/wp-content\/uploads\/2015\/10\/IMG_0380-300x225.jpg\" alt=\"IMG_0380\" width=\"300\" height=\"225\" srcset=\"https:\/\/www.aguablanca-herborn.de\/wp-content\/uploads\/2015\/10\/IMG_0380-300x225.jpg 300w, https:\/\/www.aguablanca-herborn.de\/wp-content\/uploads\/2015\/10\/IMG_0380-1024x768.jpg 1024w, https:\/\/www.aguablanca-herborn.de\/wp-content\/uploads\/2015\/10\/IMG_0380-150x113.jpg 150w, https:\/\/www.aguablanca-herborn.de\/wp-content\/uploads\/2015\/10\/IMG_0380-267x200.jpg 267w, https:\/\/www.aguablanca-herborn.de\/wp-content\/uploads\/2015\/10\/IMG_0380.jpg 1440w\" sizes=\"auto, (max-width: 300px) 100vw, 300px\" \/><\/a>\u00a0\u00a0\u00a0 \u00a0 \u00a0 \u00a0 \u00a0\u00a0\u00a0 <a href=\"http:\/\/53645244.swh.strato-hosting.eu\/aguablanca\/wp-content\/uploads\/2015\/10\/IMG_0381.jpg\" data-rel=\"lightbox-image-1\" data-rl_title=\"\" data-rl_caption=\"\" title=\"\"><img loading=\"lazy\" decoding=\"async\" class=\"alignnone size-medium wp-image-303\" src=\"http:\/\/53645244.swh.strato-hosting.eu\/aguablanca\/wp-content\/uploads\/2015\/10\/IMG_0381-300x225.jpg\" alt=\"IMG_0381\" width=\"300\" height=\"225\" srcset=\"https:\/\/www.aguablanca-herborn.de\/wp-content\/uploads\/2015\/10\/IMG_0381-300x225.jpg 300w, https:\/\/www.aguablanca-herborn.de\/wp-content\/uploads\/2015\/10\/IMG_0381-1024x768.jpg 1024w, https:\/\/www.aguablanca-herborn.de\/wp-content\/uploads\/2015\/10\/IMG_0381-150x113.jpg 150w, https:\/\/www.aguablanca-herborn.de\/wp-content\/uploads\/2015\/10\/IMG_0381-267x200.jpg 267w, https:\/\/www.aguablanca-herborn.de\/wp-content\/uploads\/2015\/10\/IMG_0381.jpg 1440w\" sizes=\"auto, (max-width: 300px) 100vw, 300px\" \/><\/a><\/p>\n","protected":false},"excerpt":{"rendered":"<p>\u00dcber das Jahr verteilt sind wir bei zahlreichen Aktionen in Herborn und der n\u00e4heren Umgebung vertreten. Viele haben unseren Stand auf dem Weihnachts- oder Martinimarkt entdeckt oder sind gar treue Kunden geworden. Doch hinter dieser Pr\u00e4senz stehen immer viele flei\u00dfige Helfer, die uns vor und hinter den Kulissen unterst\u00fctzen. M\u00f6chten auch Sie zu diesem Helferkreis [&hellip;]<\/p>\n","protected":false},"author":2,"featured_media":0,"parent":0,"menu_order":0,"comment_status":"closed","ping_status":"closed","template":"","meta":{"footnotes":""},"class_list":["post-61","page","type-page","status-publish","hentry"],"_links":{"self":[{"href":"https:\/\/www.aguablanca-herborn.de\/es\/wp-json\/wp\/v2\/pages\/61","targetHints":{"allow":["GET"]}}],"collection":[{"href":"https:\/\/www.aguablanca-herborn.de\/es\/wp-json\/wp\/v2\/pages"}],"about":[{"href":"https:\/\/www.aguablanca-herborn.de\/es\/wp-json\/wp\/v2\/types\/page"}],"author":[{"embeddable":true,"href":"https:\/\/www.aguablanca-herborn.de\/es\/wp-json\/wp\/v2\/users\/2"}],"replies":[{"embeddable":true,"href":"https:\/\/www.aguablanca-herborn.de\/es\/wp-json\/wp\/v2\/comments?post=61"}],"version-history":[{"count":11,"href":"https:\/\/www.aguablanca-herborn.de\/es\/wp-json\/wp\/v2\/pages\/61\/revisions"}],"predecessor-version":[{"id":520,"href":"https:\/\/www.aguablanca-herborn.de\/es\/wp-json\/wp\/v2\/pages\/61\/revisions\/520"}],"wp:attachment":[{"href":"https:\/\/www.aguablanca-herborn.de\/es\/wp-json\/wp\/v2\/media?parent=61"}],"curies":[{"name":"wp","href":"https:\/\/api.w.org\/{rel}","templated":true}]}}