{"id":604,"date":"2016-02-23T12:34:14","date_gmt":"2016-02-23T11:34:14","guid":{"rendered":"http:\/\/www.aguablanca-herborn.de\/?page_id=604"},"modified":"2016-02-23T12:34:14","modified_gmt":"2016-02-23T11:34:14","slug":"rabea","status":"publish","type":"page","link":"https:\/\/www.aguablanca-herborn.de\/es\/rabea\/","title":{"rendered":"Rabea"},"content":{"rendered":"<table>\n<tbody>\n<tr>\n<td width=\"376\"><span style=\"color: #008080;\"><strong>Zeitraum des Freiwilligendienstes<\/strong><\/span><\/td>\n<td width=\"376\"><em>Juli 2012 bis Juni 2013<\/em><\/td>\n<\/tr>\n<tr>\n<td width=\"376\"><span style=\"color: #008080;\"><strong>Wie ich zum Verein kam\u2026<\/strong><\/span><\/td>\n<td width=\"376\">&nbsp;<\/p>\n<p><em>Als ich meiner Familie verk\u00fcndete, dass ich unbedingt ein Freiwilligenjahr in Lateinamerika machen wolle, wurde ich von meiner Tante auf \u201eAguablanca e.V.\u201c aufmerksam gemacht. Nach der Lekt\u00fcre des Freiwilligenblogs und Gespr\u00e4chen mit dem Vorstand und ehemaligen Freiwilligen, war mir schnell klar, dass es dieser Verein sein musste, da ich sofort mit gro\u00dfer Herzlichkeit aufgenommen wurde.<\/em><\/td>\n<\/tr>\n<tr>\n<td width=\"376\"><span style=\"color: #008080;\"><strong>Was ich in der Schule gemacht habe\u2026<\/strong><\/span><\/td>\n<td width=\"376\">&nbsp;<\/p>\n<p><em>W\u00e4hrend meiner Zeit in Cali unterst\u00fctzte ich den Englischunterricht der Schule. Ich arbeitete haupts\u00e4chlich mit j\u00fcngeren Sch\u00fclerinnen und Sch\u00fclern der Vorschule und der ersten Klasse. Die Lebhaftigkeit der Kleinen habe ich versucht, mit viel Spiel und Gesang, einzufangen und in Motivation f\u00fcr die englische Sprache umzuwandeln. Auch mit den \u00c4lteren habe ich gearbeitet, am liebsten in den L\u00fadicas, welche mit einem Wahlpflichtfach vergleichbar sind. Au\u00dferdem half ich beim Querfl\u00f6tenunterricht mit, rief mit Lisa eine Theater AG ins Leben und f\u00fchrte mit ihr ein Projekt zur gesunden Ern\u00e4hrung durch.<\/em><\/td>\n<\/tr>\n<tr>\n<td width=\"376\"><span style=\"color: #008080;\"><strong>Was ich aus der Zeit mitnehme\u2026<\/strong><\/span><\/td>\n<td width=\"376\">&nbsp;<\/p>\n<p><em>Bei dieser Frage wei\u00df ich gar nicht, wo ich anfangen soll. Die unbeschreibliche Herzlichkeit der Menschen, die sagenhaft vielf\u00e4ltige Natur, das Gef\u00fchl eine Art zweites Zuhause in Cali gefunden zu haben, wunderbare Freunde, Kollegen und Bekanntschaften, viele Weisheiten und Erfahrungen, Lebensenergie und am meisten: l\u00e4chelnde Kindergesichter und die inoffizielle Hymne der Schule: Pintarse la cara color esperanza (sich das Gesicht mit der Farbe der Hoffnung bemalen).<\/em><\/td>\n<\/tr>\n<tr>\n<td width=\"376\"><strong><span style=\"color: #008080;\">Was ich jetzt im Verein mache\u2026<\/span><\/strong><\/td>\n<td width=\"376\">&nbsp;<\/p>\n<p><em>Zusammen mit Lisa organisiere ich die Treffen der Freiwilligen. Ansonsten helfe ich, wo ich kann und versuche, den neuen Freiwilligen eine gute Ansprechpartnerin zu sein.<\/em><\/td>\n<\/tr>\n<tr>\n<td width=\"376\"><span style=\"color: #008080;\"><strong>Kontakt<\/strong><\/span><\/td>\n<td width=\"376\">&nbsp;<\/p>\n<p><a href=\"mailto:rabea(at)aguablanca-herborn.de\" target=\"_blank\"><em>rabea(at)aguablanca-herborn.de<\/em><\/a><\/td>\n<\/tr>\n<\/tbody>\n<\/table>\n","protected":false},"excerpt":{"rendered":"<p>Zeitraum des Freiwilligendienstes Juli 2012 bis Juni 2013 Wie ich zum Verein kam\u2026 &nbsp; Als ich meiner Familie verk\u00fcndete, dass ich unbedingt ein Freiwilligenjahr in Lateinamerika machen wolle, wurde ich von meiner Tante auf \u201eAguablanca e.V.\u201c aufmerksam gemacht. Nach der Lekt\u00fcre des Freiwilligenblogs und Gespr\u00e4chen mit dem Vorstand und ehemaligen Freiwilligen, war mir schnell klar, [&hellip;]<\/p>\n","protected":false},"author":2,"featured_media":0,"parent":0,"menu_order":0,"comment_status":"closed","ping_status":"closed","template":"","meta":{"footnotes":""},"class_list":["post-604","page","type-page","status-publish","hentry"],"_links":{"self":[{"href":"https:\/\/www.aguablanca-herborn.de\/es\/wp-json\/wp\/v2\/pages\/604","targetHints":{"allow":["GET"]}}],"collection":[{"href":"https:\/\/www.aguablanca-herborn.de\/es\/wp-json\/wp\/v2\/pages"}],"about":[{"href":"https:\/\/www.aguablanca-herborn.de\/es\/wp-json\/wp\/v2\/types\/page"}],"author":[{"embeddable":true,"href":"https:\/\/www.aguablanca-herborn.de\/es\/wp-json\/wp\/v2\/users\/2"}],"replies":[{"embeddable":true,"href":"https:\/\/www.aguablanca-herborn.de\/es\/wp-json\/wp\/v2\/comments?post=604"}],"version-history":[{"count":2,"href":"https:\/\/www.aguablanca-herborn.de\/es\/wp-json\/wp\/v2\/pages\/604\/revisions"}],"predecessor-version":[{"id":606,"href":"https:\/\/www.aguablanca-herborn.de\/es\/wp-json\/wp\/v2\/pages\/604\/revisions\/606"}],"wp:attachment":[{"href":"https:\/\/www.aguablanca-herborn.de\/es\/wp-json\/wp\/v2\/media?parent=604"}],"curies":[{"name":"wp","href":"https:\/\/api.w.org\/{rel}","templated":true}]}}