{"id":588,"date":"2016-01-30T17:45:40","date_gmt":"2016-01-30T16:45:40","guid":{"rendered":"http:\/\/www.aguablanca-herborn.de\/?page_id=588"},"modified":"2016-01-30T17:45:40","modified_gmt":"2016-01-30T16:45:40","slug":"annika","status":"publish","type":"page","link":"https:\/\/www.aguablanca-herborn.de\/es\/annika\/","title":{"rendered":"Annika"},"content":{"rendered":"<table>\n<tbody>\n<tr>\n<td width=\"376\"><span style=\"color: #008080;\"><strong>Zeitraum des Freiwilligendienstes<\/strong><\/span><\/td>\n<td width=\"376\"><em>Oktober 2014 bis August 2015<\/em><\/td>\n<\/tr>\n<tr>\n<td width=\"376\"><span style=\"color: #008080;\"><strong>Wie ich zum Verein kam\u2026<\/strong><\/span><\/td>\n<td width=\"376\">&nbsp;<\/p>\n<p><em>Ich besuchte seit der 7. Klasse die Aguablanca- AG des Johanneum Gymnasiums. Mir machte die ehrenamtliche Arbeit in der AG sehr viel Spa\u00df, denn ich bin der Meinung, dass Bildung allen Menschen zug\u00e4ngig, und kein Privileg der Reichen sein sollte. Es erf\u00fcllte mich mit Freude, dass wir als AG- Mitglieder, durch Kleinigkeiten wie Waffeln oder Kuchen verkaufen etwas am anderen Ende der Welt bewirken k\u00f6nnen. \u00dcber die Jahre wuchs in mir der Wunsch, nicht nur aus der Ferne dieses tolle Projekt durch Spenden zu unterst\u00fctzen, sondern vor Ort t\u00e4tig zu werden und in dem Team der Schule mitzuarbeiten. So bewarb ich mich nach dem Abitur f\u00fcr die Freiwilligenstelle in der Schule La Providencia.<\/em><\/td>\n<\/tr>\n<tr>\n<td width=\"376\"><strong><span style=\"color: #008080;\">Was ich in der Schule gemacht habe\u2026<\/span><\/strong><\/td>\n<td width=\"376\">&nbsp;<\/p>\n<p><em>Ich habe die Englischlehrer im Vorschul- und Grundschulbereich unterst\u00fctzt. Dienstags werden in der Schule verschiedene Arbeitsgemeinschaften angeboten. An diesen Tagen leitete ich die Back-AG. Sch\u00fcler im Alter von 11 bis 15 Jahren konnten daran teilnehmen. Wir backten Brot, Kuchen, Cupcakes und als Highlight auch mal Pizza. Die fertigen Leckerbissen wurden in der Pause auf dem Schulhof verkauft. Des Weiteren bot ich eine Englisch-AG f\u00fcr die Elftkl\u00e4ssler an. Die Sch\u00fcler schreiben nach der elften Klasse ihre Abschlusspr\u00fcfungen. Unter anderem auch in Englisch. Um sich neben dem normalen Englischunterricht darauf vorzubereiten, wurde die Arbeitsgemeinschaft angeboten. Rollenspiele, Lieder, Kurzgeschichten oder andere Spiele auf Englisch sollen den Umgang und Gebrauch der Fremdsprache auf spielerische Art f\u00f6rdern.<\/em><\/td>\n<\/tr>\n<tr>\n<td width=\"376\"><strong><span style=\"color: #008080;\">Was ich aus der Zeit mitnehme\u2026<\/span><\/strong><\/td>\n<td width=\"376\">&nbsp;<\/p>\n<p><em>In meiner Zeit in Cali habe ich viele Menschen kennengelernt, die mir sehr ans Herz gewachsen sind. Die Offenheit und Herzlichkeit der Kolumbianer ist einfach unglaublich. Auch ihre unschlagbare Lebensfreude, trotz der Schattenseiten des Lebens, sind mir ein gro\u00dfes Vorbild. Ich habe so viele neue Erfahrungen und Eindr\u00fccke in dieser Zeit sammeln d\u00fcrfen. Eindr\u00fccke, die mein Leben und mein Denken ver\u00e4ndert haben. Kolumbien ist f\u00fcr mich nicht nur \u201eein Jahr\u201c oder \u201eein Abschnitt\u201c meines Lebens der nun vorbei ist. Kolumbien ist ein Teil von mir geworden. Und es wird immer ein Teil meines Lebens, meiner Pers\u00f6nlichkeit sein!<\/em><\/td>\n<\/tr>\n<tr>\n<td width=\"376\"><span style=\"color: #008080;\"><strong>Was ich jetzt im Verein mache\u2026<\/strong><\/span><\/td>\n<td width=\"376\">&nbsp;<\/p>\n<p><em>Seit meiner R\u00fcckkehr betreue ich die neuen Freiwilligen und stehe ihnen als Ansprechpartner zu Verf\u00fcgung.<\/em><\/td>\n<\/tr>\n<tr>\n<td width=\"376\"><span style=\"color: #008080;\"><strong>Kontakt<\/strong><\/span><\/td>\n<td width=\"376\">&nbsp;<\/p>\n<p><a href=\"mailto:annika(at)aguablanca-herborn.de\" target=\"_blank\">annika(at)aguablanca-herborn.de<\/a><\/td>\n<\/tr>\n<\/tbody>\n<\/table>\n","protected":false},"excerpt":{"rendered":"<p>Zeitraum des Freiwilligendienstes Oktober 2014 bis August 2015 Wie ich zum Verein kam\u2026 &nbsp; Ich besuchte seit der 7. Klasse die Aguablanca- AG des Johanneum Gymnasiums. Mir machte die ehrenamtliche Arbeit in der AG sehr viel Spa\u00df, denn ich bin der Meinung, dass Bildung allen Menschen zug\u00e4ngig, und kein Privileg der Reichen sein sollte. Es [&hellip;]<\/p>\n","protected":false},"author":2,"featured_media":0,"parent":0,"menu_order":0,"comment_status":"closed","ping_status":"closed","template":"","meta":{"footnotes":""},"class_list":["post-588","page","type-page","status-publish","hentry"],"_links":{"self":[{"href":"https:\/\/www.aguablanca-herborn.de\/es\/wp-json\/wp\/v2\/pages\/588","targetHints":{"allow":["GET"]}}],"collection":[{"href":"https:\/\/www.aguablanca-herborn.de\/es\/wp-json\/wp\/v2\/pages"}],"about":[{"href":"https:\/\/www.aguablanca-herborn.de\/es\/wp-json\/wp\/v2\/types\/page"}],"author":[{"embeddable":true,"href":"https:\/\/www.aguablanca-herborn.de\/es\/wp-json\/wp\/v2\/users\/2"}],"replies":[{"embeddable":true,"href":"https:\/\/www.aguablanca-herborn.de\/es\/wp-json\/wp\/v2\/comments?post=588"}],"version-history":[{"count":3,"href":"https:\/\/www.aguablanca-herborn.de\/es\/wp-json\/wp\/v2\/pages\/588\/revisions"}],"predecessor-version":[{"id":591,"href":"https:\/\/www.aguablanca-herborn.de\/es\/wp-json\/wp\/v2\/pages\/588\/revisions\/591"}],"wp:attachment":[{"href":"https:\/\/www.aguablanca-herborn.de\/es\/wp-json\/wp\/v2\/media?parent=588"}],"curies":[{"name":"wp","href":"https:\/\/api.w.org\/{rel}","templated":true}]}}