{"id":532,"date":"2016-01-08T13:35:17","date_gmt":"2016-01-08T12:35:17","guid":{"rendered":"http:\/\/www.aguablanca-herborn.de\/?page_id=532"},"modified":"2016-01-08T13:35:17","modified_gmt":"2016-01-08T12:35:17","slug":"zita","status":"publish","type":"page","link":"https:\/\/www.aguablanca-herborn.de\/es\/zita\/","title":{"rendered":"Zita"},"content":{"rendered":"<table>\n<tbody>\n<tr>\n<td width=\"376\"><span style=\"color: #008080;\"><strong>Zeitraum des Freiwilligendienstes<\/strong><\/span><\/td>\n<td width=\"376\"><em>August 2015 bis Juli 2016<\/em><\/td>\n<\/tr>\n<tr>\n<td width=\"376\"><span style=\"color: #008080;\"><strong>Wie ich zum Verein kam\u2026<\/strong><\/span><\/td>\n<td width=\"376\">&nbsp;<\/p>\n<p><em>Mein Abitur habe ich auf der Augustinerschule in Friedberg gemacht, die eine engere Beziehung zu Aguablanca e.V. pflegt und durch Lisa und Adrian schon zwei Freiwillige gestellt hat. Durch Pr\u00e4sentationen beider in meinem Spanischunterricht bin ich auf das Projekt in Kolumbien aufmerksam geworden und nach einem Gespr\u00e4ch mit Lisa war mir klar, dass ich mit Aguablanca e.V. weltw\u00e4rts gehen m\u00f6chte.<\/em><\/td>\n<\/tr>\n<tr>\n<td width=\"376\"><strong><span style=\"color: #008080;\">Was ich in der Schule gemacht habe\u2026<\/span><\/strong><\/td>\n<td width=\"376\">&nbsp;<\/p>\n<p><em>In der Schule \u201eLa Providencia\u201c gebe ich Englischunterricht, haupts\u00e4chlich f\u00fcr die Grundschule, und f\u00fchre die B\u00e4ckerei AG weiter, die von Adrian gegr\u00fcndet wurde. Nebenbei versuchen Nicolas und ich, so viele Aktivit\u00e4ten wie m\u00f6glich zu organisieren, zum Beispiel der \u201eSpelling Bee\u201c, Cr\u00eape-Tag mit der Franz\u00f6sisch und B\u00e4ckerei AG und Pizzabacken, zum Thema gesunde Ern\u00e4hrung.<\/em><\/td>\n<\/tr>\n<tr>\n<td width=\"376\"><span style=\"color: #008080;\"><strong>Was ich aus der Zeit mitnehme\u2026<\/strong><\/span><\/td>\n<td width=\"376\">&nbsp;<\/p>\n<p><em>Kolumbien als Land der Extreme wird mir immer pr\u00e4sent sein: Die gigantischen Einkaufszentren und die M\u00fcllsammler mit ihren Handkarren, die herausragende Offenheit und Liebensw\u00fcrdigkeit der Bewohner und die erschreckende Brutalit\u00e4t, die in einigen Regionen herrscht.<\/em><\/td>\n<\/tr>\n<tr>\n<td width=\"376\"><span style=\"color: #008080;\"><strong>Was ich jetzt im Verein mache\u2026<\/strong><\/span><\/td>\n<td width=\"376\">&nbsp;<\/p>\n<p><em>Da ich momentan noch in Cali bin, kann ich das noch nicht sagen. Jedoch werde ich mich auf jeden Fall weiter f\u00fcr die Schule \u201eLa Providencia\u201c in Cali engagieren und bin mir sicher, dass ich meinen Platz im Verein finden werde.<\/em><\/td>\n<\/tr>\n<tr>\n<td width=\"376\"><strong><span style=\"color: #008080;\">Kontakt<\/span><\/strong><\/td>\n<td width=\"376\">&nbsp;<\/p>\n<p><em><a href=\"mailto:zita(at)aguablanca-herborn.de\" target=\"_blank\">zita(at)aguablanca-herborn.de<\/a><\/em><\/td>\n<\/tr>\n<\/tbody>\n<\/table>\n","protected":false},"excerpt":{"rendered":"<p>Zeitraum des Freiwilligendienstes August 2015 bis Juli 2016 Wie ich zum Verein kam\u2026 &nbsp; Mein Abitur habe ich auf der Augustinerschule in Friedberg gemacht, die eine engere Beziehung zu Aguablanca e.V. pflegt und durch Lisa und Adrian schon zwei Freiwillige gestellt hat. Durch Pr\u00e4sentationen beider in meinem Spanischunterricht bin ich auf das Projekt in Kolumbien [&hellip;]<\/p>\n","protected":false},"author":2,"featured_media":0,"parent":0,"menu_order":0,"comment_status":"closed","ping_status":"closed","template":"","meta":{"footnotes":""},"class_list":["post-532","page","type-page","status-publish","hentry"],"_links":{"self":[{"href":"https:\/\/www.aguablanca-herborn.de\/es\/wp-json\/wp\/v2\/pages\/532","targetHints":{"allow":["GET"]}}],"collection":[{"href":"https:\/\/www.aguablanca-herborn.de\/es\/wp-json\/wp\/v2\/pages"}],"about":[{"href":"https:\/\/www.aguablanca-herborn.de\/es\/wp-json\/wp\/v2\/types\/page"}],"author":[{"embeddable":true,"href":"https:\/\/www.aguablanca-herborn.de\/es\/wp-json\/wp\/v2\/users\/2"}],"replies":[{"embeddable":true,"href":"https:\/\/www.aguablanca-herborn.de\/es\/wp-json\/wp\/v2\/comments?post=532"}],"version-history":[{"count":4,"href":"https:\/\/www.aguablanca-herborn.de\/es\/wp-json\/wp\/v2\/pages\/532\/revisions"}],"predecessor-version":[{"id":536,"href":"https:\/\/www.aguablanca-herborn.de\/es\/wp-json\/wp\/v2\/pages\/532\/revisions\/536"}],"wp:attachment":[{"href":"https:\/\/www.aguablanca-herborn.de\/es\/wp-json\/wp\/v2\/media?parent=532"}],"curies":[{"name":"wp","href":"https:\/\/api.w.org\/{rel}","templated":true}]}}