{"id":506,"date":"2015-11-29T15:20:57","date_gmt":"2015-11-29T14:20:57","guid":{"rendered":"http:\/\/www.aguablanca-herborn.de\/?page_id=506"},"modified":"2015-11-29T15:20:57","modified_gmt":"2015-11-29T14:20:57","slug":"adrian","status":"publish","type":"page","link":"https:\/\/www.aguablanca-herborn.de\/es\/adrian\/","title":{"rendered":"Adrian"},"content":{"rendered":"<table>\n<tbody>\n<tr>\n<td width=\"376\"><span style=\"color: #008080;\"><strong>Zeitraum des Freiwilligendienstes<\/strong><\/span><\/td>\n<td width=\"376\"><em>August 2013 bis Juni 2014<\/em><\/td>\n<\/tr>\n<tr>\n<td width=\"376\"><span style=\"color: #008080;\"><strong>Wie ich zum Verein kam\u2026<\/strong><\/span><\/td>\n<td width=\"376\">&nbsp;<\/p>\n<p><em>Das Gl\u00fcck und der Zufall wollten es, dass ich den Verein Aguablanca e.V.gegen Ende meiner Schulzeit kennenlernte. Vorherige Erfahrungen aus Argentinien und anderen L\u00e4ndern hatten in mir die Faszination f\u00fcr fremde Kulturen und \u00abdas s\u00fcdamerikanische Lebensgef\u00fchl\u00bb geweckt. Aber nicht nur dieser Aspekt, sondern auch mein Interesse am Brotbacken und der Arbeit mit Kindern f\u00fchrten dazu, dass ich den Verein und sein Freiwilligenprogramm zu sch\u00e4tzen lernte.<\/em><\/td>\n<\/tr>\n<tr>\n<td width=\"376\"><span style=\"color: #008080;\"><strong>Was ich in der Schule gemacht habe\u2026<\/strong><\/span><\/td>\n<td width=\"376\">&nbsp;<\/p>\n<p><em>W\u00e4hrend des elfmonatigen Aufenthalts gestaltete ich den Englischunterricht von der vierten bis zur elften Klasse mit. Besonderen Spa\u00df machte es, einer kleinen Gruppe von Kindern, das Brotbacken beizubringen, womit wir eine traditionelle Aktivit\u00e4t der Schule wiederbeleben konnten. Au\u00dferdem unterst\u00fctzte ich den Sportunterricht und organisierte Projekte, wie den English-Day, mit Kim Schauwecker.<\/em><\/p>\n<p><em>Der Einstieg in das Unterrichten fiel mir aufgrund der kulturellen, strukturellen und klimatischen Bedingungen nat\u00fcrlich schwer. Allerdings konnte ich mich aufgrund meiner Spanischkenntnisse und der kolumbianischen Offenherzigkeit schnell daran gew\u00f6hnen.<\/em><\/td>\n<\/tr>\n<tr>\n<td width=\"376\"><span style=\"color: #008080;\"><strong>Was ich aus der Zeit mitnehme\u2026<\/strong><\/span><\/td>\n<td width=\"376\">&nbsp;<\/p>\n<p><em>Genau diese Offenherzigkeit hat Eindruck auf mich gemacht: Mein Gegen\u00fcber so anzunehmen, wie er oder sie ist, und in ihm oder ihr die Bereicherung zu entdecken.<\/em><\/p>\n<p><em>Nach einem Schicksalsschlag neuen Mut zu finden. Die Augen offen zu halten und in jedem Aspekt des t\u00e4glichen Lebens die Lehre\/die M\u00f6glichkeit zu sehen. All dies stellt immer wieder aufs Neue eine Herausforderung dar. Meine Erfahrungen aus Kolumbien erinnern mich stets daran.<\/em><\/td>\n<\/tr>\n<tr>\n<td width=\"376\"><span style=\"color: #008080;\"><strong>Was ich jetzt im Verein mache\u2026<\/strong><\/span><\/td>\n<td width=\"376\">&nbsp;<\/p>\n<p><em>Ich gestalte die Treffen der Freiwilligen mit, versuche es, den aktuellen Freiwilligen mit Rat zur Seite zu stehen. Au\u00dferdem schreibe ich Texte jeder Art und helfe, wenn ich kann.<\/em><\/p>\n<p>&nbsp;<\/td>\n<\/tr>\n<tr>\n<td width=\"376\"><strong><span style=\"color: #008080;\">Kontakt<\/span><\/strong><\/td>\n<td width=\"376\"><em><a href=\"mailto:adrian(at)aguablanca-herborn.de\">adrian(at)aguablanca-herborn.de<\/a><\/em><\/td>\n<\/tr>\n<\/tbody>\n<\/table>\n","protected":false},"excerpt":{"rendered":"<p>Zeitraum des Freiwilligendienstes August 2013 bis Juni 2014 Wie ich zum Verein kam\u2026 &nbsp; Das Gl\u00fcck und der Zufall wollten es, dass ich den Verein Aguablanca e.V.gegen Ende meiner Schulzeit kennenlernte. Vorherige Erfahrungen aus Argentinien und anderen L\u00e4ndern hatten in mir die Faszination f\u00fcr fremde Kulturen und \u00abdas s\u00fcdamerikanische Lebensgef\u00fchl\u00bb geweckt. Aber nicht nur dieser [&hellip;]<\/p>\n","protected":false},"author":2,"featured_media":0,"parent":0,"menu_order":0,"comment_status":"closed","ping_status":"closed","template":"","meta":{"footnotes":""},"class_list":["post-506","page","type-page","status-publish","hentry"],"_links":{"self":[{"href":"https:\/\/www.aguablanca-herborn.de\/es\/wp-json\/wp\/v2\/pages\/506","targetHints":{"allow":["GET"]}}],"collection":[{"href":"https:\/\/www.aguablanca-herborn.de\/es\/wp-json\/wp\/v2\/pages"}],"about":[{"href":"https:\/\/www.aguablanca-herborn.de\/es\/wp-json\/wp\/v2\/types\/page"}],"author":[{"embeddable":true,"href":"https:\/\/www.aguablanca-herborn.de\/es\/wp-json\/wp\/v2\/users\/2"}],"replies":[{"embeddable":true,"href":"https:\/\/www.aguablanca-herborn.de\/es\/wp-json\/wp\/v2\/comments?post=506"}],"version-history":[{"count":4,"href":"https:\/\/www.aguablanca-herborn.de\/es\/wp-json\/wp\/v2\/pages\/506\/revisions"}],"predecessor-version":[{"id":1042,"href":"https:\/\/www.aguablanca-herborn.de\/es\/wp-json\/wp\/v2\/pages\/506\/revisions\/1042"}],"wp:attachment":[{"href":"https:\/\/www.aguablanca-herborn.de\/es\/wp-json\/wp\/v2\/media?parent=506"}],"curies":[{"name":"wp","href":"https:\/\/api.w.org\/{rel}","templated":true}]}}