{"id":47,"date":"2015-10-10T13:48:12","date_gmt":"2015-10-10T11:48:12","guid":{"rendered":"http:\/\/53645244.swh.strato-hosting.eu\/aguablanca\/?page_id=47"},"modified":"2016-01-07T13:11:01","modified_gmt":"2016-01-07T12:11:01","slug":"nachrichten-aus-kolumbien","status":"publish","type":"page","link":"https:\/\/www.aguablanca-herborn.de\/es\/nachrichten-aus-kolumbien\/","title":{"rendered":"Nachrichten"},"content":{"rendered":"<p><strong>Kolumbien <\/strong>spielt heute in den europ\u00e4ischen Medien keine gro\u00dfe bis gar keine Rolle. Hierdurch ger\u00e4t leider auch schnell in Vergessenheit, dass sich einiges getan hat seit der Zeit in dem sich das s\u00fcdamerikanische Land seinen <strong>unr\u00fchmlichen Ruf<\/strong> eingehandelt hat.<\/p>\n<p>An dieser Stelle m\u00f6chten wir gerne f\u00fcr ein wenig \u201e<strong>Aufkl\u00e4rung<\/strong>\u201c sorgen und\u00a0Ihnen Plattformen vorstellen, auf denen Sie sich selbst ein Bild \u00fcber aktuelle politische und gesellschaftliche Ereignisse in Kolumbien machen k\u00f6nnen. Wir wollen damit eine Hilfestellung geben, ein <strong>zeitgem\u00e4\u00dferes<\/strong> Bild Kolumbiens zu publizieren und somit auch teilweise den Schrecken zu nehmen, der vielleicht Begriffen wie Cali-Kartell, Pablo Escobar, FARC und Drogenhandel geschuldet sind.<\/p>\n<p>&nbsp;<\/p>\n<p><a href=\"http:\/\/www.bpb.de\/internationales\/amerika\/lateinamerika\/44770\/kolumbien\" target=\"_blank\">Lateinamerika-Dossier der Bundeszentrale f\u00fcr politische Bildung<\/a><\/p>\n<p><a href=\"http:\/\/lateinamerikanachrichten.de\/\" target=\"_blank\">Lateinamerikanachrichten.de<\/a><\/p>\n<p><a href=\"http:\/\/latina-press.com\/lateinamerika\/kolumbien\/\" target=\"_blank\">Latinapress<\/a><\/p>\n<p><a href=\"https:\/\/amerika21.de\/geo\/kolumbien\" target=\"_blank\">Amerika21<\/a><\/p>\n<p>&nbsp;<\/p>\n<p>Informationen auf Spanisch<\/p>\n<p><a href=\"http:\/\/www.elpais.com.co\/elpais\/\" target=\"_blank\">El Pa\u00eds<\/a><\/p>\n<p><a href=\"http:\/\/www.elespectador.com\/noticias\" target=\"_blank\">El Espectador<\/a><\/p>\n","protected":false},"excerpt":{"rendered":"<p>Kolumbien spielt heute in den europ\u00e4ischen Medien keine gro\u00dfe bis gar keine Rolle. Hierdurch ger\u00e4t leider auch schnell in Vergessenheit, dass sich einiges getan hat seit der Zeit in dem sich das s\u00fcdamerikanische Land seinen unr\u00fchmlichen Ruf eingehandelt hat. An dieser Stelle m\u00f6chten wir gerne f\u00fcr ein wenig \u201eAufkl\u00e4rung\u201c sorgen und\u00a0Ihnen Plattformen vorstellen, auf denen [&hellip;]<\/p>\n","protected":false},"author":2,"featured_media":0,"parent":0,"menu_order":0,"comment_status":"closed","ping_status":"closed","template":"","meta":{"footnotes":""},"class_list":["post-47","page","type-page","status-publish","hentry"],"_links":{"self":[{"href":"https:\/\/www.aguablanca-herborn.de\/es\/wp-json\/wp\/v2\/pages\/47","targetHints":{"allow":["GET"]}}],"collection":[{"href":"https:\/\/www.aguablanca-herborn.de\/es\/wp-json\/wp\/v2\/pages"}],"about":[{"href":"https:\/\/www.aguablanca-herborn.de\/es\/wp-json\/wp\/v2\/types\/page"}],"author":[{"embeddable":true,"href":"https:\/\/www.aguablanca-herborn.de\/es\/wp-json\/wp\/v2\/users\/2"}],"replies":[{"embeddable":true,"href":"https:\/\/www.aguablanca-herborn.de\/es\/wp-json\/wp\/v2\/comments?post=47"}],"version-history":[{"count":5,"href":"https:\/\/www.aguablanca-herborn.de\/es\/wp-json\/wp\/v2\/pages\/47\/revisions"}],"predecessor-version":[{"id":531,"href":"https:\/\/www.aguablanca-herborn.de\/es\/wp-json\/wp\/v2\/pages\/47\/revisions\/531"}],"wp:attachment":[{"href":"https:\/\/www.aguablanca-herborn.de\/es\/wp-json\/wp\/v2\/media?parent=47"}],"curies":[{"name":"wp","href":"https:\/\/api.w.org\/{rel}","templated":true}]}}