{"id":462,"date":"2015-11-25T19:43:45","date_gmt":"2015-11-25T18:43:45","guid":{"rendered":"http:\/\/www.aguablanca-herborn.de\/?page_id=462"},"modified":"2015-12-01T18:43:11","modified_gmt":"2015-12-01T17:43:11","slug":"silke","status":"publish","type":"page","link":"https:\/\/www.aguablanca-herborn.de\/es\/silke\/","title":{"rendered":"Silke"},"content":{"rendered":"<table>\n<tbody>\n<tr>\n<td width=\"378\"><span style=\"color: #008080;\"><strong>Zeitraum des Freiwilligendienstes<\/strong><\/span><\/td>\n<td width=\"374\"><em>Januar bis September 2012<\/em><\/td>\n<\/tr>\n<tr>\n<td width=\"378\"><span style=\"color: #008080;\"><strong>Wie ich zum Verein kam\u2026<\/strong><\/span><\/td>\n<td width=\"374\">&nbsp;<\/p>\n<p><em>Durch einen gl\u00fccklichen Zufall bin ich w\u00e4hrend meines Studiums in Gie\u00dfen an eine ehemalige Freiwillige des Vereins Aguablanca e.V. geraten. Sie stellte mich der Vereinsleitung vor und ein paar Monate sp\u00e4ter war ich schon in Cali. F\u00fcr diese Vermittlung bin ich ihr bis heute dankbar.<\/em><\/p>\n<p>&nbsp;<\/td>\n<\/tr>\n<tr>\n<td width=\"378\"><span style=\"color: #008080;\"><strong>Was ich in der Schule gemacht habe\u2026<\/strong><\/span><\/td>\n<td width=\"374\"><em>Am Colegio \u00abLa Providencia\u00bb unterst\u00fctze ich neun Monate lang in der 4., 7., 8., 9., 10. und 11. &#8211; sowie in der Vorschulklasse den Englischunterricht. Der Ausreisezeitpunkt im Januar war perfekt, da ich so zu Beginn des Schuljahres direkt an den Vorbesprechungen der Lehrkr\u00e4fte teilnehmen konnte. Dort wurde besprochen, welche Klassen und Lehrkr\u00e4fte im kommenden Schuljahr Unterst\u00fctzung durch uns Freiwillige brauchten und ich konnte zudem Einsatzw\u00fcnsche und Ideen \u00e4u\u00dfern. Leider musste ich durch den Studienstart im Oktober schon zwei Monate vor Schuljahresende zur\u00fcckkehren, was mir nicht leicht fiel.<\/em><\/p>\n<p>&nbsp;<\/td>\n<\/tr>\n<tr>\n<td width=\"378\"><span style=\"color: #008080;\"><strong>Was ich aus der Zeit mitnehme\u2026<\/strong><\/span><\/td>\n<td width=\"374\"><em>Die Familie vor Ort, die Kinder in der Schule, eigentlich alle Kolumbianer, die mir begegnet sind, waren so super herzlich und aufgeschlossen, dass man am Liebsten gleich dageblieben w\u00e4re. Nat\u00fcrlich musste man in Cali auch mit einigen Einschr\u00e4nkungen leben (Wasser-, Strom-, Internetausf\u00e4lle, Hitze, L\u00e4rm, schlechte Luft, lieber keine Alleing\u00e4nge bei Dunkelheit,&#8230;). Wenn man aber offen ist gegen\u00fcber anderen Kulturen, Spa\u00df an der Sprache und vor allem an der Arbeit mit Kindern und Jugendlichen hat, sich an ein paar Alltagregeln h\u00e4lt und unbedingt in der wundersch\u00f6nen Natur rundum Cali Energie tankt, dann kann man das Ganze nur in so guter Erinnerung behalten wie wir! Zus\u00e4tzlich hat mich die Arbeit in Cali in meinem Berufswunsch Lehrerin best\u00e4tigt und das daf\u00fcr notwendige Studium habe ich mittlerweile mit den Sprachen Englisch und Spanisch in Hamburg beendet.<\/em><\/p>\n<p>&nbsp;<\/td>\n<\/tr>\n<tr>\n<td width=\"378\"><span style=\"color: #008080;\"><strong>Was ich jetzt im Verein mache\u2026<\/strong><\/span><\/td>\n<td width=\"374\"><em>Ein Jahr nach meinem Freiwilligendienst hatte ich die Gelegenheit, die n\u00e4chsten beiden Ausreiser bei ihrem Start in Cali zu begleiten. Dabei ist mir aufgefallen, wie schnell sich alles vor Ort ver\u00e4ndert. Gemeinsam \u00a0 mit Anne versuche ich daher, die Ver\u00e4nderungen auf dieser Homepage zeitnah transparent zu machen und diese in Stand zu halten.<\/em><\/p>\n<p>&nbsp;<\/td>\n<\/tr>\n<tr>\n<td width=\"378\"><strong><span style=\"color: #008080;\">Kontakt<\/span><\/strong><\/td>\n<td width=\"374\"><em><a href=\"mailto:silke(at)aguablanca-herborn.de\">silke(at)aguablanca-herborn.de<\/a><\/em><\/td>\n<\/tr>\n<\/tbody>\n<\/table>\n<p>&nbsp;<\/p>\n","protected":false},"excerpt":{"rendered":"<p>Zeitraum des Freiwilligendienstes Januar bis September 2012 Wie ich zum Verein kam\u2026 &nbsp; Durch einen gl\u00fccklichen Zufall bin ich w\u00e4hrend meines Studiums in Gie\u00dfen an eine ehemalige Freiwillige des Vereins Aguablanca e.V. geraten. Sie stellte mich der Vereinsleitung vor und ein paar Monate sp\u00e4ter war ich schon in Cali. F\u00fcr diese Vermittlung bin ich ihr [&hellip;]<\/p>\n","protected":false},"author":2,"featured_media":0,"parent":0,"menu_order":0,"comment_status":"closed","ping_status":"closed","template":"","meta":{"footnotes":""},"class_list":["post-462","page","type-page","status-publish","hentry"],"_links":{"self":[{"href":"https:\/\/www.aguablanca-herborn.de\/es\/wp-json\/wp\/v2\/pages\/462","targetHints":{"allow":["GET"]}}],"collection":[{"href":"https:\/\/www.aguablanca-herborn.de\/es\/wp-json\/wp\/v2\/pages"}],"about":[{"href":"https:\/\/www.aguablanca-herborn.de\/es\/wp-json\/wp\/v2\/types\/page"}],"author":[{"embeddable":true,"href":"https:\/\/www.aguablanca-herborn.de\/es\/wp-json\/wp\/v2\/users\/2"}],"replies":[{"embeddable":true,"href":"https:\/\/www.aguablanca-herborn.de\/es\/wp-json\/wp\/v2\/comments?post=462"}],"version-history":[{"count":6,"href":"https:\/\/www.aguablanca-herborn.de\/es\/wp-json\/wp\/v2\/pages\/462\/revisions"}],"predecessor-version":[{"id":517,"href":"https:\/\/www.aguablanca-herborn.de\/es\/wp-json\/wp\/v2\/pages\/462\/revisions\/517"}],"wp:attachment":[{"href":"https:\/\/www.aguablanca-herborn.de\/es\/wp-json\/wp\/v2\/media?parent=462"}],"curies":[{"name":"wp","href":"https:\/\/api.w.org\/{rel}","templated":true}]}}