{"id":45,"date":"2015-10-10T13:47:00","date_gmt":"2015-10-10T11:47:00","guid":{"rendered":"http:\/\/53645244.swh.strato-hosting.eu\/aguablanca\/?page_id=45"},"modified":"2020-02-10T11:11:46","modified_gmt":"2020-02-10T10:11:46","slug":"blog-der-freiwilligen","status":"publish","type":"page","link":"https:\/\/www.aguablanca-herborn.de\/es\/blog-der-freiwilligen\/","title":{"rendered":"Archiv: Weltw\u00e4rts-Blogeintr\u00e4ge"},"content":{"rendered":"<p>Der Blog: <a href=\"https:\/\/blogs.donboscovolunteers.de\/aguablanca\/\" target=\"_blank\" rel=\"noopener noreferrer\">Kolumbien &#8211; So gesehen<\/a> wird von den Freiwilligen des Weltw\u00e4rtsprogramms betrieben. Dort k\u00f6nnen Sie aktuelle Eindr\u00fccke zur Arbeit in Cali erhalten.<\/p>","protected":false},"excerpt":{"rendered":"<p>Der Blog: Kolumbien &#8211; So gesehen wird von den Freiwilligen des Weltw\u00e4rtsprogramms betrieben. Dort k\u00f6nnen Sie aktuelle Eindr\u00fccke zur Arbeit in Cali erhalten.<\/p>\n","protected":false},"author":2,"featured_media":0,"parent":0,"menu_order":0,"comment_status":"closed","ping_status":"closed","template":"","meta":{"footnotes":""},"class_list":["post-45","page","type-page","status-publish","hentry"],"_links":{"self":[{"href":"https:\/\/www.aguablanca-herborn.de\/es\/wp-json\/wp\/v2\/pages\/45","targetHints":{"allow":["GET"]}}],"collection":[{"href":"https:\/\/www.aguablanca-herborn.de\/es\/wp-json\/wp\/v2\/pages"}],"about":[{"href":"https:\/\/www.aguablanca-herborn.de\/es\/wp-json\/wp\/v2\/types\/page"}],"author":[{"embeddable":true,"href":"https:\/\/www.aguablanca-herborn.de\/es\/wp-json\/wp\/v2\/users\/2"}],"replies":[{"embeddable":true,"href":"https:\/\/www.aguablanca-herborn.de\/es\/wp-json\/wp\/v2\/comments?post=45"}],"version-history":[{"count":8,"href":"https:\/\/www.aguablanca-herborn.de\/es\/wp-json\/wp\/v2\/pages\/45\/revisions"}],"predecessor-version":[{"id":1136,"href":"https:\/\/www.aguablanca-herborn.de\/es\/wp-json\/wp\/v2\/pages\/45\/revisions\/1136"}],"wp:attachment":[{"href":"https:\/\/www.aguablanca-herborn.de\/es\/wp-json\/wp\/v2\/media?parent=45"}],"curies":[{"name":"wp","href":"https:\/\/api.w.org\/{rel}","templated":true}]}}