{"id":41,"date":"2015-10-10T13:44:08","date_gmt":"2015-10-10T11:44:08","guid":{"rendered":"http:\/\/53645244.swh.strato-hosting.eu\/aguablanca\/?page_id=41"},"modified":"2018-02-02T17:02:04","modified_gmt":"2018-02-02T16:02:04","slug":"aktuelles","status":"publish","type":"page","link":"https:\/\/www.aguablanca-herborn.de\/es\/aktuelles\/","title":{"rendered":"Noticias"},"content":{"rendered":"<p>Si les llama la atenci\u00f3n nuestro trabajo y les gustar\u00eda hacer un aporte para apoyar el proyecto, nos encantar\u00eda verlos en uno de nuestros eventos. Aqu\u00ed les compartimos las pr\u00f3ximas ocasiones: Ent\u00e9rense tambi\u00e9n de la <a href=\"#vergangen\">retrospectiva<\/a> de las actividades.<\/p>","protected":false},"excerpt":{"rendered":"<p>Si les llama la atenci\u00f3n nuestro trabajo y les gustar\u00eda hacer un aporte para apoyar el proyecto, nos encantar\u00eda verlos en uno de nuestros eventos. Aqu\u00ed les compartimos las pr\u00f3ximas ocasiones: Ent\u00e9rense tambi\u00e9n de la retrospectiva de las actividades.<\/p>\n","protected":false},"author":2,"featured_media":122,"parent":0,"menu_order":0,"comment_status":"closed","ping_status":"closed","template":"","meta":{"footnotes":""},"class_list":["post-41","page","type-page","status-publish","has-post-thumbnail","hentry"],"_links":{"self":[{"href":"https:\/\/www.aguablanca-herborn.de\/es\/wp-json\/wp\/v2\/pages\/41","targetHints":{"allow":["GET"]}}],"collection":[{"href":"https:\/\/www.aguablanca-herborn.de\/es\/wp-json\/wp\/v2\/pages"}],"about":[{"href":"https:\/\/www.aguablanca-herborn.de\/es\/wp-json\/wp\/v2\/types\/page"}],"author":[{"embeddable":true,"href":"https:\/\/www.aguablanca-herborn.de\/es\/wp-json\/wp\/v2\/users\/2"}],"replies":[{"embeddable":true,"href":"https:\/\/www.aguablanca-herborn.de\/es\/wp-json\/wp\/v2\/comments?post=41"}],"version-history":[{"count":9,"href":"https:\/\/www.aguablanca-herborn.de\/es\/wp-json\/wp\/v2\/pages\/41\/revisions"}],"predecessor-version":[{"id":1045,"href":"https:\/\/www.aguablanca-herborn.de\/es\/wp-json\/wp\/v2\/pages\/41\/revisions\/1045"}],"wp:featuredmedia":[{"embeddable":true,"href":"https:\/\/www.aguablanca-herborn.de\/es\/wp-json\/wp\/v2\/media\/122"}],"wp:attachment":[{"href":"https:\/\/www.aguablanca-herborn.de\/es\/wp-json\/wp\/v2\/media?parent=41"}],"curies":[{"name":"wp","href":"https:\/\/api.w.org\/{rel}","templated":true}]}}