{"id":31,"date":"2015-10-10T13:39:21","date_gmt":"2015-10-10T11:39:21","guid":{"rendered":"http:\/\/53645244.swh.strato-hosting.eu\/aguablanca\/?page_id=31"},"modified":"2015-10-30T09:25:35","modified_gmt":"2015-10-30T08:25:35","slug":"aguablanca","status":"publish","type":"page","link":"https:\/\/www.aguablanca-herborn.de\/es\/aguablanca\/","title":{"rendered":"Partnerschule"},"content":{"rendered":"<p>Im \u00abDistrito de Aguablanca\u00bb wird dem Projekt ein Gesicht gegeben. Im Stadtviertel Alfonso Bonilla Arag\u00f3n steht die kleine Schule \u00ab<strong>La Providencia<\/strong>\u00bb , die durch unsere Arbeit unterst\u00fctzt wird. Aktuell besuchen ca. 450 Kinder und Jugendliche aus der nahen Umgebung die Institution. Hier findet an f\u00fcnf Tagen in der Woche von 07:00 bis 13:00 Uhr Unterricht von der Vorschule bis zur elften statt. Das Kollegium von ca. 30 Lehrern unterrichtet in vom Kultusministerium vorgegebenen F\u00e4chern aus verschiedenen Fachbereichen. Zudem m\u00fcssen alle Sch\u00fcler ab der sechsten Klasse eine \u201eL\u00fadica\u201c, vergleichbar mit dem deutschen Wahlpflichtunterricht, belegen. Hier besteht die Auswahl aus Keramik, Kommunikationsgruppe Englisch, B\u00e4ckerei, Franz\u00f6sisch und verschiedenen Musikinstrumenten.<\/p>\n<p>Als Abschlusspr\u00fcfung absolvieren alle Kolumbianer in der elften Klasse die staatliche ICFES-Pr\u00fcfung. Hier wird das erworbene Wissen aus allen F\u00e4chern gepr\u00fcft. Das Zertifikat ist \u00e4hnlich angesehen wie die Allgemeine Hochschulreife und gilt als Voraussetzung f\u00fcr das Studium an einer Universit\u00e4t. Eine genauere Aufgliederung des kolumbianischen Schulsystems finden Sie <a href=\"https:\/\/blogs.strassenkinder.de\/aguablanca\/2015\/10\/16\/das-kolumbianische-schulsystem\/\" target=\"_blank\">hier<\/a>.<\/p>\n<p>Die offizielle Website unserer Partnerschule \u00abLa Providencia\u00bb finden Sie <a href=\"http:\/\/www.laprovidencia.edu.co\/espanol\/\">hier<\/a>.<\/p>\n<p>Schule und Sch\u00fcler &#8211; \u00abGestern\u00bb und \u00abHeute\u00bb<\/p>\n<p><a href=\"http:\/\/53645244.swh.strato-hosting.eu\/aguablanca\/wp-content\/uploads\/2015\/10\/historia2013.jpg\" data-rel=\"lightbox-image-0\" data-rl_title=\"\" data-rl_caption=\"\" title=\"\"><img loading=\"lazy\" decoding=\"async\" class=\"alignnone size-full wp-image-300\" src=\"http:\/\/53645244.swh.strato-hosting.eu\/aguablanca\/wp-content\/uploads\/2015\/10\/historia2013.jpg\" alt=\"historia2013\" width=\"724\" height=\"503\" srcset=\"https:\/\/www.aguablanca-herborn.de\/wp-content\/uploads\/2015\/10\/historia2013.jpg 724w, https:\/\/www.aguablanca-herborn.de\/wp-content\/uploads\/2015\/10\/historia2013-300x208.jpg 300w, https:\/\/www.aguablanca-herborn.de\/wp-content\/uploads\/2015\/10\/historia2013-150x104.jpg 150w, https:\/\/www.aguablanca-herborn.de\/wp-content\/uploads\/2015\/10\/historia2013-288x200.jpg 288w\" sizes=\"auto, (max-width: 724px) 100vw, 724px\" \/><\/a><\/p>\n","protected":false},"excerpt":{"rendered":"<p>Im \u00abDistrito de Aguablanca\u00bb wird dem Projekt ein Gesicht gegeben. Im Stadtviertel Alfonso Bonilla Arag\u00f3n steht die kleine Schule \u00abLa Providencia\u00bb , die durch unsere Arbeit unterst\u00fctzt wird. Aktuell besuchen ca. 450 Kinder und Jugendliche aus der nahen Umgebung die Institution. Hier findet an f\u00fcnf Tagen in der Woche von 07:00 bis 13:00 Uhr Unterricht [&hellip;]<\/p>\n","protected":false},"author":2,"featured_media":0,"parent":0,"menu_order":0,"comment_status":"closed","ping_status":"closed","template":"","meta":{"footnotes":""},"class_list":["post-31","page","type-page","status-publish","hentry"],"_links":{"self":[{"href":"https:\/\/www.aguablanca-herborn.de\/es\/wp-json\/wp\/v2\/pages\/31","targetHints":{"allow":["GET"]}}],"collection":[{"href":"https:\/\/www.aguablanca-herborn.de\/es\/wp-json\/wp\/v2\/pages"}],"about":[{"href":"https:\/\/www.aguablanca-herborn.de\/es\/wp-json\/wp\/v2\/types\/page"}],"author":[{"embeddable":true,"href":"https:\/\/www.aguablanca-herborn.de\/es\/wp-json\/wp\/v2\/users\/2"}],"replies":[{"embeddable":true,"href":"https:\/\/www.aguablanca-herborn.de\/es\/wp-json\/wp\/v2\/comments?post=31"}],"version-history":[{"count":10,"href":"https:\/\/www.aguablanca-herborn.de\/es\/wp-json\/wp\/v2\/pages\/31\/revisions"}],"predecessor-version":[{"id":361,"href":"https:\/\/www.aguablanca-herborn.de\/es\/wp-json\/wp\/v2\/pages\/31\/revisions\/361"}],"wp:attachment":[{"href":"https:\/\/www.aguablanca-herborn.de\/es\/wp-json\/wp\/v2\/media?parent=31"}],"curies":[{"name":"wp","href":"https:\/\/api.w.org\/{rel}","templated":true}]}}