{"id":29,"date":"2015-10-10T13:38:44","date_gmt":"2015-10-10T11:38:44","guid":{"rendered":"http:\/\/53645244.swh.strato-hosting.eu\/aguablanca\/?page_id=29"},"modified":"2018-01-30T01:58:27","modified_gmt":"2018-01-30T00:58:27","slug":"cali","status":"publish","type":"page","link":"https:\/\/www.aguablanca-herborn.de\/es\/cali\/","title":{"rendered":"Cali"},"content":{"rendered":"<p><strong>Santiago de Cali:<\/strong> La capital del departamento Valle de Cauca y la tercera ciudad m\u00e1s grande de Colombia. Cali est\u00e1 situada al borde de las estribaciones de los Andes. Sus monumentos caracter\u00edsticos \u201cCristo Rey\u201d y las \u201cTres Cruces\u201d descuellan sobre la ciudad y atraen los fines de semana y especialmente en la semana santa tanto turistas como cale\u00f1os deportistas. Es una ciudad vibrante que realmente se merece el t\u00edtulo \u201cciudad de la salsa\u201d: incluso los ni\u00f1os y j\u00f3venes saben bailar mejor que cualquier europeo y cuando uno camina por las calles de Cali se escuchan los ritmos de la salsa en cada esquina.<\/p>\n<p>Sin embargo, existen varios barrios que est\u00e1n marcados por la pobreza y la violencia. Aguablanca, Silo\u00e9 y Terron Colorado se llaman los m\u00e1s conocidos. En el distrito de Aguablanca vive aproximadamente un tercio de los habitantes de la ciudad.<\/p>\n<p>Casi todo el este de Cali se conoce como <strong>\u201cAguablanca<\/strong>\u201d, un nombre que transcende mucho m\u00e1s all\u00e1 de las fronteras de la ciudad. En Aguablanca viven m\u00e1s o menos un mill\u00f3n de personas, cuya vida cotidiana est\u00e1 muchas veces influida por la violencia. Las condiciones de vida son muy complicadas. La mayor\u00eda de las familias de Aguablanca fue desplazada por el conflicto armado en la regi\u00f3n de la costa pac\u00edfica y as\u00ed naci\u00f3 el distrito de Aguablanca.<\/p>\n<p style=\"text-align: left;\"><a href=\"http:\/\/53645244.swh.strato-hosting.eu\/aguablanca\/wp-content\/uploads\/2015\/10\/IGP9707.jpg\" data-rel=\"lightbox-image-0\" data-rl_title=\"\" data-rl_caption=\"\" title=\"\"><img loading=\"lazy\" decoding=\"async\" class=\"alignnone size-medium wp-image-141\" src=\"http:\/\/53645244.swh.strato-hosting.eu\/aguablanca\/wp-content\/uploads\/2015\/10\/IGP9707-300x199.jpg\" alt=\"_IGP9707\" width=\"300\" height=\"199\" srcset=\"https:\/\/www.aguablanca-herborn.de\/wp-content\/uploads\/2015\/10\/IGP9707-300x199.jpg 300w, https:\/\/www.aguablanca-herborn.de\/wp-content\/uploads\/2015\/10\/IGP9707-1024x680.jpg 1024w, https:\/\/www.aguablanca-herborn.de\/wp-content\/uploads\/2015\/10\/IGP9707-150x100.jpg 150w, https:\/\/www.aguablanca-herborn.de\/wp-content\/uploads\/2015\/10\/IGP9707-301x200.jpg 301w\" sizes=\"auto, (max-width: 300px) 100vw, 300px\" \/><\/a>\u00a0\u00a0\u00a0\u00a0\u00a0\u00a0\u00a0\u00a0\u00a0\u00a0\u00a0\u00a0\u00a0\u00a0\u00a0\u00a0\u00a0\u00a0\u00a0\u00a0\u00a0\u00a0\u00a0\u00a0\u00a0\u00a0\u00a0\u00a0\u00a0\u00a0\u00a0\u00a0\u00a0\u00a0\u00a0\u00a0\u00a0\u00a0\u00a0\u00a0\u00a0\u00a0\u00a0\u00a0\u00a0\u00a0\u00a0\u00a0\u00a0\u00a0\u00a0\u00a0\u00a0\u00a0\u00a0 <a href=\"http:\/\/53645244.swh.strato-hosting.eu\/aguablanca\/wp-content\/uploads\/2015\/10\/DSC00691.jpg\" data-rel=\"lightbox-image-1\" data-rl_title=\"\" data-rl_caption=\"\" title=\"\"><img loading=\"lazy\" decoding=\"async\" class=\"alignnone size-medium wp-image-142\" src=\"http:\/\/53645244.swh.strato-hosting.eu\/aguablanca\/wp-content\/uploads\/2015\/10\/DSC00691-300x225.jpg\" alt=\"DSC00691\" width=\"300\" height=\"225\" srcset=\"https:\/\/www.aguablanca-herborn.de\/wp-content\/uploads\/2015\/10\/DSC00691-300x225.jpg 300w, https:\/\/www.aguablanca-herborn.de\/wp-content\/uploads\/2015\/10\/DSC00691-1024x768.jpg 1024w, https:\/\/www.aguablanca-herborn.de\/wp-content\/uploads\/2015\/10\/DSC00691-150x113.jpg 150w, https:\/\/www.aguablanca-herborn.de\/wp-content\/uploads\/2015\/10\/DSC00691-267x200.jpg 267w, https:\/\/www.aguablanca-herborn.de\/wp-content\/uploads\/2015\/10\/DSC00691.jpg 1440w\" sizes=\"auto, (max-width: 300px) 100vw, 300px\" \/><\/a><\/p>\n<p>&nbsp;<\/p>\n<p>Vista panor\u00e1mica de Cali: el blendor y la prosperidad de los edificios contrastan las casitas miseras de las invasiones por debajo de Cristo Rey.<\/p>","protected":false},"excerpt":{"rendered":"<p>Santiago de Cali: La capital del departamento Valle de Cauca y la tercera ciudad m\u00e1s grande de Colombia. Cali est\u00e1 situada al borde de las estribaciones de los Andes. Sus monumentos caracter\u00edsticos \u201cCristo Rey\u201d y las \u201cTres Cruces\u201d descuellan sobre la ciudad y atraen los fines de semana y especialmente en la semana santa tanto [&hellip;]<\/p>\n","protected":false},"author":2,"featured_media":0,"parent":0,"menu_order":0,"comment_status":"closed","ping_status":"closed","template":"","meta":{"footnotes":""},"class_list":["post-29","page","type-page","status-publish","hentry"],"_links":{"self":[{"href":"https:\/\/www.aguablanca-herborn.de\/es\/wp-json\/wp\/v2\/pages\/29","targetHints":{"allow":["GET"]}}],"collection":[{"href":"https:\/\/www.aguablanca-herborn.de\/es\/wp-json\/wp\/v2\/pages"}],"about":[{"href":"https:\/\/www.aguablanca-herborn.de\/es\/wp-json\/wp\/v2\/types\/page"}],"author":[{"embeddable":true,"href":"https:\/\/www.aguablanca-herborn.de\/es\/wp-json\/wp\/v2\/users\/2"}],"replies":[{"embeddable":true,"href":"https:\/\/www.aguablanca-herborn.de\/es\/wp-json\/wp\/v2\/comments?post=29"}],"version-history":[{"count":7,"href":"https:\/\/www.aguablanca-herborn.de\/es\/wp-json\/wp\/v2\/pages\/29\/revisions"}],"predecessor-version":[{"id":1031,"href":"https:\/\/www.aguablanca-herborn.de\/es\/wp-json\/wp\/v2\/pages\/29\/revisions\/1031"}],"wp:attachment":[{"href":"https:\/\/www.aguablanca-herborn.de\/es\/wp-json\/wp\/v2\/media?parent=29"}],"curies":[{"name":"wp","href":"https:\/\/api.w.org\/{rel}","templated":true}]}}