{"id":27,"date":"2015-10-10T13:37:59","date_gmt":"2015-10-10T11:37:59","guid":{"rendered":"http:\/\/53645244.swh.strato-hosting.eu\/aguablanca\/?page_id=27"},"modified":"2017-03-09T11:29:35","modified_gmt":"2017-03-09T10:29:35","slug":"kolumbien","status":"publish","type":"page","link":"https:\/\/www.aguablanca-herborn.de\/es\/kolumbien\/","title":{"rendered":"Kolumbien"},"content":{"rendered":"<p><strong>Kolumbien<\/strong> ist ein Land mit zwei Gesichtern. Viele denken mit Schrecken an den bewaffneten Konflikt in den 80\/90ern. Wer das Land in den letzten Jahren bereist hat, erz\u00e4hlt jedoch mit gl\u00e4nzenden Augen von atemberaubenden Landschaften, einer vielf\u00e4ltigen Flora und Fauna, leckerem Essen, herzlichen Menschen und dem Wunsch, Zur\u00fcckzukehren.<br \/>\nAuf einer Fl\u00e4che, die fast dreimal so gro\u00df ist wie die Bundesrepublik Deutschland leben in Kolumbien jedoch nur knapp 48 Millionen Menschen. Der Gro\u00dfteil der Bev\u00f6lkerung konzentriert sich hierbei auf die vier gr\u00f6\u00dften St\u00e4dte des Landes. Alleine die Hauptstadt Santaf\u00e9 de Bogot\u00e1 z\u00e4hlt ca. 10 Millionen Einwohner. Viele ehemalige Kleinbauern wurden im Rahmen des B\u00fcrgerkrieges vom Land vertrieben und fl\u00fcchteten sich in die St\u00e4dte, die auch heute stetig weiter wachsen.<br \/>\nLeider l\u00e4sst sich hier jedoch auch deutlich die extreme Kluft zwischen Arm und Reich erkennen. Viele Vertriebene kamen ohne Besitz in die St\u00e4dte und es entstanden sogenannte \u201eInvasionen\u201c \u2013 ohne Baugenehmigung gebaute H\u00fctten und H\u00e4user, in denen die Menschen unter einfachsten Bedingungen den Alltag meistern. Obwohl sich die Situation deutlich gebessert hat, ist auch heute die Armut in vielen dieser Stadtviertel zu sp\u00fcren; die Infrastruktur ist nicht so gut und die Kriminalit\u00e4tsrate hoch. Viele Kolumbianer aus anderen Schichten haben aus Angst diese Gegenden noch nie betreten.<\/p>\n<p>&nbsp;<\/p>\n<p><a href=\"http:\/\/53645244.swh.strato-hosting.eu\/aguablanca\/wp-content\/uploads\/2015\/10\/mapa.gif\" data-rel=\"lightbox-image-0\" data-rl_title=\"\" data-rl_caption=\"\" title=\"\"><img loading=\"lazy\" decoding=\"async\" class=\"alignnone size-medium wp-image-297\" src=\"http:\/\/53645244.swh.strato-hosting.eu\/aguablanca\/wp-content\/uploads\/2015\/10\/mapa-233x300.gif\" alt=\"mapa\" width=\"233\" height=\"300\" \/><\/a><\/p>","protected":false},"excerpt":{"rendered":"<p>Kolumbien ist ein Land mit zwei Gesichtern. Viele denken mit Schrecken an den bewaffneten Konflikt in den 80\/90ern. Wer das Land in den letzten Jahren bereist hat, erz\u00e4hlt jedoch mit gl\u00e4nzenden Augen von atemberaubenden Landschaften, einer vielf\u00e4ltigen Flora und Fauna, leckerem Essen, herzlichen Menschen und dem Wunsch, Zur\u00fcckzukehren. Auf einer Fl\u00e4che, die fast dreimal so [&hellip;]<\/p>\n","protected":false},"author":2,"featured_media":0,"parent":0,"menu_order":0,"comment_status":"closed","ping_status":"closed","template":"","meta":{"footnotes":""},"class_list":["post-27","page","type-page","status-publish","hentry"],"_links":{"self":[{"href":"https:\/\/www.aguablanca-herborn.de\/es\/wp-json\/wp\/v2\/pages\/27","targetHints":{"allow":["GET"]}}],"collection":[{"href":"https:\/\/www.aguablanca-herborn.de\/es\/wp-json\/wp\/v2\/pages"}],"about":[{"href":"https:\/\/www.aguablanca-herborn.de\/es\/wp-json\/wp\/v2\/types\/page"}],"author":[{"embeddable":true,"href":"https:\/\/www.aguablanca-herborn.de\/es\/wp-json\/wp\/v2\/users\/2"}],"replies":[{"embeddable":true,"href":"https:\/\/www.aguablanca-herborn.de\/es\/wp-json\/wp\/v2\/comments?post=27"}],"version-history":[{"count":7,"href":"https:\/\/www.aguablanca-herborn.de\/es\/wp-json\/wp\/v2\/pages\/27\/revisions"}],"predecessor-version":[{"id":132,"href":"https:\/\/www.aguablanca-herborn.de\/es\/wp-json\/wp\/v2\/pages\/27\/revisions\/132"}],"wp:attachment":[{"href":"https:\/\/www.aguablanca-herborn.de\/es\/wp-json\/wp\/v2\/media?parent=27"}],"curies":[{"name":"wp","href":"https:\/\/api.w.org\/{rel}","templated":true}]}}