{"id":2,"date":"2015-10-10T11:20:53","date_gmt":"2015-10-10T09:20:53","guid":{"rendered":"http:\/\/53645244.swh.strato-hosting.eu\/aguablanca\/?page_id=2"},"modified":"2018-02-02T17:31:29","modified_gmt":"2018-02-02T16:31:29","slug":"geschichte","status":"publish","type":"page","link":"https:\/\/www.aguablanca-herborn.de\/es\/geschichte\/","title":{"rendered":"Historia"},"content":{"rendered":"<p>&nbsp;<\/p>\n<p><a href=\"http:\/\/www.aguablanca-herborn.de\/historie\/\">Cr\u00f3nica de 30 a\u00f1os de trabajo de la fundaci\u00f3n<\/a><\/p>\n<p>&nbsp;<\/p>\n<p><a href=\"http:\/\/www.aguablanca-herborn.de\/informationsfilm\/\">Vid\u00e9o de presentaci\u00f3n de \u00abLa Providencia\u00bb<\/a><\/p>\n<p>&nbsp;<\/p>\n<p>&nbsp;<\/p>\n<p>&nbsp;<\/p>\n<p>&nbsp;<\/p>\n<p>&nbsp;<\/p>\n<p>&nbsp;<\/p>","protected":false},"excerpt":{"rendered":"<p>&nbsp; Cr\u00f3nica de 30 a\u00f1os de trabajo de la fundaci\u00f3n &nbsp; Vid\u00e9o de presentaci\u00f3n de \u00abLa Providencia\u00bb &nbsp; &nbsp; &nbsp; &nbsp; &nbsp; &nbsp;<\/p>\n","protected":false},"author":1,"featured_media":236,"parent":0,"menu_order":0,"comment_status":"closed","ping_status":"closed","template":"","meta":{"footnotes":""},"class_list":["post-2","page","type-page","status-publish","has-post-thumbnail","hentry"],"_links":{"self":[{"href":"https:\/\/www.aguablanca-herborn.de\/es\/wp-json\/wp\/v2\/pages\/2","targetHints":{"allow":["GET"]}}],"collection":[{"href":"https:\/\/www.aguablanca-herborn.de\/es\/wp-json\/wp\/v2\/pages"}],"about":[{"href":"https:\/\/www.aguablanca-herborn.de\/es\/wp-json\/wp\/v2\/types\/page"}],"author":[{"embeddable":true,"href":"https:\/\/www.aguablanca-herborn.de\/es\/wp-json\/wp\/v2\/users\/1"}],"replies":[{"embeddable":true,"href":"https:\/\/www.aguablanca-herborn.de\/es\/wp-json\/wp\/v2\/comments?post=2"}],"version-history":[{"count":5,"href":"https:\/\/www.aguablanca-herborn.de\/es\/wp-json\/wp\/v2\/pages\/2\/revisions"}],"predecessor-version":[{"id":1052,"href":"https:\/\/www.aguablanca-herborn.de\/es\/wp-json\/wp\/v2\/pages\/2\/revisions\/1052"}],"wp:featuredmedia":[{"embeddable":true,"href":"https:\/\/www.aguablanca-herborn.de\/es\/wp-json\/wp\/v2\/media\/236"}],"wp:attachment":[{"href":"https:\/\/www.aguablanca-herborn.de\/es\/wp-json\/wp\/v2\/media?parent=2"}],"curies":[{"name":"wp","href":"https:\/\/api.w.org\/{rel}","templated":true}]}}